{"id":12957,"date":"2022-05-06T14:45:59","date_gmt":"2022-05-06T12:45:59","guid":{"rendered":"https:\/\/recursing-brattain.37-120-171-104.plesk.page\/impressum\/"},"modified":"2024-10-23T12:24:38","modified_gmt":"2024-10-23T10:24:38","slug":"imprint","status":"publish","type":"page","link":"https:\/\/iwgplating.com\/en\/imprint\/","title":{"rendered":"Imprint"},"content":{"rendered":"\n<div class=\"wp-block-group container wps-content\"><div class=\"wp-block-group__inner-container is-layout-constrained wp-block-group-is-layout-constrained\">\n<div class=\"wp-block-group wps-content\"><div class=\"wp-block-group__inner-container is-layout-constrained wp-block-group-is-layout-constrained\">\n<h1 class=\"wp-block-heading\">Imprint<\/h1>\n\n\n\n<p>Exact company name: IWG Ing. W. Garh\u00f6fer Ges.m.b.H.<\/p>\n\n\n\n<p>Company objective: Wholesale of chemical products for electroplating and surface treatment companies.<br>VAT number: ATU61803917<br>Commercial Register No.: FN 79205 d<br>Commercial Register Court: Landesgericht Korneuburg<br>Company headquarters: Municipality Markgrafneusiedl<\/p>\n<\/div><\/div>\n\n\n\n<div style=\"height:50px\" aria-hidden=\"true\" class=\"wp-block-spacer\"><\/div>\n\n\n\n<div class=\"wp-block-group wps-content\"><div class=\"wp-block-group__inner-container is-layout-constrained wp-block-group-is-layout-constrained\">\n<h4 class=\"wp-block-heading\" id=\"h-adress-and-contact-details\">Adress and Contact Details:<\/h4>\n\n\n\n<p>Sonnenblumenweg 1<br>2282 Markgrafneusiedl<br>AUSTRIA<\/p>\n\n\n\n<p><a href=\"tel:+43228771073\">Tel.: +43 (0) 2287 71073<\/a>    <\/p>\n\n\n\n<p>Email: <a href=\"mailto:office@iwgplating.com\">office@iwgplating.com<\/a><br><a href=\"https:\/\/iwgplating.com\">www.iw<\/a><a href=\"https:\/\/iwgplating.com\" target=\"_blank\" rel=\"noreferrer noopener\">gplating.com<\/a><\/p>\n<\/div><\/div>\n\n\n\n<div style=\"height:50px\" aria-hidden=\"true\" class=\"wp-block-spacer\"><\/div>\n\n\n\n<div class=\"wp-block-group wps-content\"><div class=\"wp-block-group__inner-container is-layout-constrained wp-block-group-is-layout-constrained\">\n<h4 class=\"wp-block-heading\" id=\"h-memberships\">Memberships:<\/h4>\n\n\n\n<p>Member of: WKO (Chamber of Economy), Division: Chemical Trade and Wholesale with Pharmaceuticals, Perfume Goods, Trade with Colours<br>GLN (public administration): 9110015463989<br>Regulatory Authority: Bezirkshauptmannschaft G\u00e4nserndorf<\/p>\n<\/div><\/div>\n\n\n\n<div style=\"height:50px\" aria-hidden=\"true\" class=\"wp-block-spacer\"><\/div>\n\n\n\n<h4 class=\"wp-block-heading\" id=\"h-represented-by\">Represented by:<\/h4>\n\n\n\n<p>General Manager: Ing. Werner Garh\u00f6fer, Ing. Christian Garh\u00f6fer<br>Ownership structure: Stakeholders: Ing. Werner Garh\u00f6fer 60%; Ing. Christian Garh\u00f6fer 20%; Ing. Claudia Garh\u00f6fer-Ondreicska 20%<\/p>\n\n\n\n<div style=\"height:50px\" aria-hidden=\"true\" class=\"wp-block-spacer\"><\/div>\n\n\n\n<div class=\"wp-block-group wps-content\"><div class=\"wp-block-group__inner-container is-layout-constrained wp-block-group-is-layout-constrained\">\n<h4 class=\"wp-block-heading\" id=\"h-trade-authority\">Trade Authority:<\/h4>\n\n\n\n<p>Trade authority in line with EC (E-commerce law): Federal Ministry for Health and Women<\/p>\n<\/div><\/div>\n\n\n\n<div style=\"height:50px\" aria-hidden=\"true\" class=\"wp-block-spacer\"><\/div>\n\n\n\n<div class=\"wp-block-group wps-content\"><div class=\"wp-block-group__inner-container is-layout-constrained wp-block-group-is-layout-constrained\">\n<h4 class=\"wp-block-heading\" id=\"h-occupational-title\">Occupational Title:<\/h4>\n\n\n\n<p>Occupational title: Gr-Hdl. mit Drogeriewaren, Giften und Chemikalien, sowie Abf\u00fcller und Abpacker von chemisch-technischen Produkten (wholesaler of pharmaceuticals, toxins, and chemicals; and bottler and packager of techno-chemical products)<br>https:\/\/firmen.wko.at\/iwg-ing-w-garh%C3%B6fer-gesellschaft-mbh\/nieder%C3%B6sterreich\/?firmaid=7efe350e-a295-4598-a464-07e745538f25<\/p>\n\n\n\n<p><br>Country of Issue: Austria<\/p>\n<\/div><\/div>\n\n\n\n<div style=\"height:50px\" aria-hidden=\"true\" class=\"wp-block-spacer\"><\/div>\n\n\n\n<div class=\"wp-block-group wps-content\"><div class=\"wp-block-group__inner-container is-layout-constrained wp-block-group-is-layout-constrained\">\n<h4 class=\"wp-block-heading\" id=\"h-online-dispute-resolution\">Online Dispute Resolution:<\/h4>\n\n\n\n<p>Details about online dispute resolution: consumers have the option to send their complaints to the EU\u2019s ODR platform: http:\/\/ec.europa.eu\/odr.<br>They can also send their complaints to the e-mail address provided above.<\/p>\n<\/div><\/div>\n\n\n\n<div style=\"height:50px\" aria-hidden=\"true\" class=\"wp-block-spacer\"><\/div>\n\n\n\n<div class=\"wp-block-group wps-content\"><div class=\"wp-block-group__inner-container is-layout-constrained wp-block-group-is-layout-constrained\">\n<h4 class=\"wp-block-heading\" id=\"h-access-to-regulations-and-laws-regarding-professions-and-trade\">Access to regulations and laws regarding professions and trade:<\/h4>\n\n\n\n<p><a href=\"https:\/\/firmen.wko.at\/iwg-ing-w-garh%C3%B6fer-gesellschaft-mbh\/nieder%C3%B6sterreich\/?firmaid=7efe350e-a295-4598-a464-07e745538f25\" target=\"_blank\" rel=\"noreferrer noopener\">https:\/\/firmen.wko.at\/iwg-ing-w-garh%C3%B6fer-gesellschaft-mbh\/nieder%C3%B6sterreich\/?firmaid=7efe350e-a295-4598-a464-07e745538f25<\/a><\/p>\n\n\n\n<p>Regulations<br><a href=\"https:\/\/www.ris.bka.gv.at\" target=\"_blank\" rel=\"noreferrer noopener\">https:\/\/www.ris.bka.gv.at<\/a><\/p>\n<\/div><\/div>\n\n\n\n<div style=\"height:50px\" aria-hidden=\"true\" class=\"wp-block-spacer\"><\/div>\n\n\n\n<div class=\"wp-block-group wps-content\"><div class=\"wp-block-group__inner-container is-layout-constrained wp-block-group-is-layout-constrained\">\n<h4 class=\"wp-block-heading\" id=\"h-graphics-and-image-sources\">Graphics and Image Sources:<\/h4>\n\n\n\n<p>Fotos: Jansenberger Produktfotografie Wien, IWG Ing. W. Garh\u00f6fer GmbH., iStock: <a href=\"https:\/\/www.istockphoto.com\/de\/portfolio\/Anchiy?mediatype=photography\">Anchiy<\/a>, iStock:<\/p>\n\n\n\n<div style=\"height:61px\" aria-hidden=\"true\" class=\"wp-block-spacer\"><\/div>\n<\/div><\/div>\n\n\n\n<h4 class=\"wp-block-heading\">Disclaimer:<\/h4>\n\n\n\n<p>Accountability for content<br>The contents of our pages have been created with the utmost care. However, we cannot guarantee the contents&#8217; accuracy, completeness or topicality. According&nbsp;to statutory provisions, we are furthermore responsible for our own content on these web pages. In this matter, please note that we are not obliged to monitor the&nbsp;transmitted or saved information of third parties, or investigate circumstances pointing to illegal activity. Our obligations to remove or block the use of information&nbsp;under generally applicable laws remain unaffected by this as per \u00a7\u00a7 8 to 10 of the Telemedia Act (TMG).&nbsp;<\/p>\n\n\n\n<p>Accountability for links<br>Responsibility for the content of external links (to web pages of third parties) lies solely with the operators of the linked pages. No violations were evident to us at&nbsp;the time of linking. Should any legal infringement become known to us, we will remove the respective link immediately.<\/p>\n\n\n\n<p>Copyright<br>Our web pages and their contents are subject to Austrian copyright law. Unless expressly permitted by law, every form of utilizing, reproducing or processing&nbsp;works subject to copyright protection on our web pages requires the prior consent of the respective owner of the rights. Individual reproductions of a work are&nbsp;only allowed for private use. The materials from these pages are copyrighted and any unauthorized use may violate copyright laws.<\/p>\n\n\n\n<div style=\"height:50px\" aria-hidden=\"true\" class=\"wp-block-spacer\"><\/div>\n<\/div><\/div>\n\n\n\n<h4 class=\"wp-block-heading\" id=\"h-\"><\/h4>\n","protected":false},"excerpt":{"rendered":"<p>Imprint Exact company name: IWG Ing. W. Garh\u00f6fer Ges.m.b.H. Company objective: Wholesale of chemical products for electroplating and surface treatment<\/p>\n","protected":false},"author":4,"featured_media":0,"parent":0,"menu_order":0,"comment_status":"closed","ping_status":"closed","template":"","meta":{"_uag_custom_page_level_css":"","footnotes":""},"class_list":["post-12957","page","type-page","status-publish","hentry"],"acf":[],"yoast_head":"<!-- This site is optimized with the Yoast SEO Premium plugin v26.6 (Yoast SEO v26.6) - https:\/\/yoast.com\/wordpress\/plugins\/seo\/ -->\n<title>Imprint - IWG Ing. W. Garh\u00f6fer<\/title>\n<meta name=\"description\" content=\"Hier finden Sie das vollst\u00e4ndige Impressum der IWG Ing. W. Garh\u00f6fer Ges.m.b.H.\" \/>\n<meta name=\"robots\" content=\"index, follow, max-snippet:-1, max-image-preview:large, max-video-preview:-1\" \/>\n<link rel=\"canonical\" href=\"https:\/\/iwgplating.com\/en\/imprint\/\" \/>\n<meta property=\"og:locale\" content=\"en_US\" \/>\n<meta property=\"og:type\" content=\"article\" \/>\n<meta property=\"og:title\" content=\"Imprint\" \/>\n<meta property=\"og:description\" content=\"Hier finden Sie das vollst\u00e4ndige Impressum der IWG Ing. W. Garh\u00f6fer Ges.m.b.H.\" \/>\n<meta property=\"og:url\" content=\"https:\/\/iwgplating.com\/en\/imprint\/\" \/>\n<meta property=\"og:site_name\" content=\"IWG Plating\" \/>\n<meta property=\"article:publisher\" content=\"https:\/\/www.facebook.com\/profile.php?id=61580281291673\" \/>\n<meta property=\"article:modified_time\" content=\"2024-10-23T10:24:38+00:00\" \/>\n<meta name=\"twitter:card\" content=\"summary_large_image\" \/>\n<meta name=\"twitter:label1\" content=\"Est. reading time\" \/>\n\t<meta name=\"twitter:data1\" content=\"3 minutes\" \/>\n<script type=\"application\/ld+json\" class=\"yoast-schema-graph\">{\"@context\":\"https:\/\/schema.org\",\"@graph\":[{\"@type\":\"WebPage\",\"@id\":\"https:\/\/iwgplating.com\/en\/imprint\/\",\"url\":\"https:\/\/iwgplating.com\/en\/imprint\/\",\"name\":\"Imprint - IWG Ing. W. Garh\u00f6fer\",\"isPartOf\":{\"@id\":\"https:\/\/iwgplating.com\/en\/#website\"},\"datePublished\":\"2022-05-06T12:45:59+00:00\",\"dateModified\":\"2024-10-23T10:24:38+00:00\",\"description\":\"Hier finden Sie das vollst\u00e4ndige Impressum der IWG Ing. W. Garh\u00f6fer Ges.m.b.H.\",\"breadcrumb\":{\"@id\":\"https:\/\/iwgplating.com\/en\/imprint\/#breadcrumb\"},\"inLanguage\":\"en-US\",\"potentialAction\":[{\"@type\":\"ReadAction\",\"target\":[\"https:\/\/iwgplating.com\/en\/imprint\/\"]}]},{\"@type\":\"BreadcrumbList\",\"@id\":\"https:\/\/iwgplating.com\/en\/imprint\/#breadcrumb\",\"itemListElement\":[{\"@type\":\"ListItem\",\"position\":1,\"name\":\"Home\",\"item\":\"https:\/\/iwgplating.com\/en\/\"},{\"@type\":\"ListItem\",\"position\":2,\"name\":\"Imprint\"}]},{\"@type\":\"WebSite\",\"@id\":\"https:\/\/iwgplating.com\/en\/#website\",\"url\":\"https:\/\/iwgplating.com\/en\/\",\"name\":\"IWG Plating\",\"description\":\"\",\"publisher\":{\"@id\":\"https:\/\/iwgplating.com\/en\/#organization\"},\"potentialAction\":[{\"@type\":\"SearchAction\",\"target\":{\"@type\":\"EntryPoint\",\"urlTemplate\":\"https:\/\/iwgplating.com\/en\/?s={search_term_string}\"},\"query-input\":{\"@type\":\"PropertyValueSpecification\",\"valueRequired\":true,\"valueName\":\"search_term_string\"}}],\"inLanguage\":\"en-US\"},{\"@type\":\"Organization\",\"@id\":\"https:\/\/iwgplating.com\/en\/#organization\",\"name\":\"IWG Ing. W. Garh\u00f6fer Ges.m.b.H.\",\"alternateName\":\"IWG\",\"url\":\"https:\/\/iwgplating.com\/en\/\",\"logo\":{\"@type\":\"ImageObject\",\"inLanguage\":\"en-US\",\"@id\":\"https:\/\/iwgplating.com\/en\/#\/schema\/logo\/image\/\",\"url\":\"https:\/\/iwgplating.com\/app\/uploads\/2025\/03\/IWG-Logo-2021.jpg\",\"contentUrl\":\"https:\/\/iwgplating.com\/app\/uploads\/2025\/03\/IWG-Logo-2021.jpg\",\"width\":1182,\"height\":1182,\"caption\":\"IWG Ing. W. Garh\u00f6fer Ges.m.b.H.\"},\"image\":{\"@id\":\"https:\/\/iwgplating.com\/en\/#\/schema\/logo\/image\/\"},\"sameAs\":[\"https:\/\/www.facebook.com\/profile.php?id=61580281291673\",\"https:\/\/www.linkedin.com\/company\/iwg-plating\/\",\"https:\/\/www.youtube.com\/channel\/UCBckf7OxfbEoTy0cVT0I22Q\"],\"email\":\"office@iwgplating.com\",\"telephone\":\"+43 228771073-0\",\"legalName\":\"IWG Ing. W. Garh\u00f6fer Ges.m.b.H.\",\"foundingDate\":\"1960-01-01\",\"numberOfEmployees\":{\"@type\":\"QuantitativeValue\",\"minValue\":\"11\",\"maxValue\":\"50\"}}]}<\/script>\n<!-- \/ Yoast SEO Premium plugin. -->","yoast_head_json":{"title":"Imprint - IWG Ing. W. Garh\u00f6fer","description":"Hier finden Sie das vollst\u00e4ndige Impressum der IWG Ing. W. Garh\u00f6fer Ges.m.b.H.","robots":{"index":"index","follow":"follow","max-snippet":"max-snippet:-1","max-image-preview":"max-image-preview:large","max-video-preview":"max-video-preview:-1"},"canonical":"https:\/\/iwgplating.com\/en\/imprint\/","og_locale":"en_US","og_type":"article","og_title":"Imprint","og_description":"Hier finden Sie das vollst\u00e4ndige Impressum der IWG Ing. W. Garh\u00f6fer Ges.m.b.H.","og_url":"https:\/\/iwgplating.com\/en\/imprint\/","og_site_name":"IWG Plating","article_publisher":"https:\/\/www.facebook.com\/profile.php?id=61580281291673","article_modified_time":"2024-10-23T10:24:38+00:00","twitter_card":"summary_large_image","twitter_misc":{"Est. reading time":"3 minutes"},"schema":{"@context":"https:\/\/schema.org","@graph":[{"@type":"WebPage","@id":"https:\/\/iwgplating.com\/en\/imprint\/","url":"https:\/\/iwgplating.com\/en\/imprint\/","name":"Imprint - IWG Ing. W. Garh\u00f6fer","isPartOf":{"@id":"https:\/\/iwgplating.com\/en\/#website"},"datePublished":"2022-05-06T12:45:59+00:00","dateModified":"2024-10-23T10:24:38+00:00","description":"Hier finden Sie das vollst\u00e4ndige Impressum der IWG Ing. W. Garh\u00f6fer Ges.m.b.H.","breadcrumb":{"@id":"https:\/\/iwgplating.com\/en\/imprint\/#breadcrumb"},"inLanguage":"en-US","potentialAction":[{"@type":"ReadAction","target":["https:\/\/iwgplating.com\/en\/imprint\/"]}]},{"@type":"BreadcrumbList","@id":"https:\/\/iwgplating.com\/en\/imprint\/#breadcrumb","itemListElement":[{"@type":"ListItem","position":1,"name":"Home","item":"https:\/\/iwgplating.com\/en\/"},{"@type":"ListItem","position":2,"name":"Imprint"}]},{"@type":"WebSite","@id":"https:\/\/iwgplating.com\/en\/#website","url":"https:\/\/iwgplating.com\/en\/","name":"IWG Plating","description":"","publisher":{"@id":"https:\/\/iwgplating.com\/en\/#organization"},"potentialAction":[{"@type":"SearchAction","target":{"@type":"EntryPoint","urlTemplate":"https:\/\/iwgplating.com\/en\/?s={search_term_string}"},"query-input":{"@type":"PropertyValueSpecification","valueRequired":true,"valueName":"search_term_string"}}],"inLanguage":"en-US"},{"@type":"Organization","@id":"https:\/\/iwgplating.com\/en\/#organization","name":"IWG Ing. W. Garh\u00f6fer Ges.m.b.H.","alternateName":"IWG","url":"https:\/\/iwgplating.com\/en\/","logo":{"@type":"ImageObject","inLanguage":"en-US","@id":"https:\/\/iwgplating.com\/en\/#\/schema\/logo\/image\/","url":"https:\/\/iwgplating.com\/app\/uploads\/2025\/03\/IWG-Logo-2021.jpg","contentUrl":"https:\/\/iwgplating.com\/app\/uploads\/2025\/03\/IWG-Logo-2021.jpg","width":1182,"height":1182,"caption":"IWG Ing. W. Garh\u00f6fer Ges.m.b.H."},"image":{"@id":"https:\/\/iwgplating.com\/en\/#\/schema\/logo\/image\/"},"sameAs":["https:\/\/www.facebook.com\/profile.php?id=61580281291673","https:\/\/www.linkedin.com\/company\/iwg-plating\/","https:\/\/www.youtube.com\/channel\/UCBckf7OxfbEoTy0cVT0I22Q"],"email":"office@iwgplating.com","telephone":"+43 228771073-0","legalName":"IWG Ing. W. Garh\u00f6fer Ges.m.b.H.","foundingDate":"1960-01-01","numberOfEmployees":{"@type":"QuantitativeValue","minValue":"11","maxValue":"50"}}]}},"uagb_featured_image_src":{"full":false,"thumbnail":false,"medium":false,"medium_large":false,"large":false,"1536x1536":false,"2048x2048":false,"product-single-page-picture-size":false,"gform-image-choice-sm":false,"gform-image-choice-md":false,"gform-image-choice-lg":false,"woocommerce_thumbnail":false,"woocommerce_single":false,"woocommerce_gallery_thumbnail":false},"uagb_author_info":{"display_name":"Julia Dollinger","author_link":"https:\/\/iwgplating.com\/en\/author\/j-dollinger\/"},"uagb_comment_info":0,"uagb_excerpt":"Imprint Exact company name: IWG Ing. W. Garh\u00f6fer Ges.m.b.H. Company objective: Wholesale of chemical products for electroplating and surface treatment","_links":{"self":[{"href":"https:\/\/iwgplating.com\/en\/wp-json\/wp\/v2\/pages\/12957","targetHints":{"allow":["GET"]}}],"collection":[{"href":"https:\/\/iwgplating.com\/en\/wp-json\/wp\/v2\/pages"}],"about":[{"href":"https:\/\/iwgplating.com\/en\/wp-json\/wp\/v2\/types\/page"}],"author":[{"embeddable":true,"href":"https:\/\/iwgplating.com\/en\/wp-json\/wp\/v2\/users\/4"}],"replies":[{"embeddable":true,"href":"https:\/\/iwgplating.com\/en\/wp-json\/wp\/v2\/comments?post=12957"}],"version-history":[{"count":1,"href":"https:\/\/iwgplating.com\/en\/wp-json\/wp\/v2\/pages\/12957\/revisions"}],"predecessor-version":[{"id":15938,"href":"https:\/\/iwgplating.com\/en\/wp-json\/wp\/v2\/pages\/12957\/revisions\/15938"}],"wp:attachment":[{"href":"https:\/\/iwgplating.com\/en\/wp-json\/wp\/v2\/media?parent=12957"}],"curies":[{"name":"wp","href":"https:\/\/api.w.org\/{rel}","templated":true}]}}