{"id":16874,"date":"2025-05-21T12:42:55","date_gmt":"2025-05-21T10:42:55","guid":{"rendered":"https:\/\/iwgplating.com\/?post_type=product&#038;p=16874"},"modified":"2025-05-21T12:42:55","modified_gmt":"2025-05-21T10:42:55","slug":"pen-electroplating-set","status":"publish","type":"product","link":"https:\/\/iwgplating.com\/en\/produkt\/pen-electroplating-set\/","title":{"rendered":"Pen plating Set"},"content":{"rendered":"<p>Our high-quality pen electroplating set has been specially compiled for jewellers and goldsmiths. It is ideal for multi-colour designs, gold plating, silver plating and rhodium plating of jewellery as well as for repairs and restorations. In our shop, we also offer electrolytes perfectly matched to this set, high-quality degreasers and other practical accessories to carry out your electroplating work professionally and precisely.<\/p>\n","protected":false},"excerpt":{"rendered":"<p>Our high-quality pen electroplating set has been specially compiled for jewellers and goldsmiths. It is ideal for multi-colour designs, gold plating, silver plating and rhodium plating of jewellery as well as for repairs and restorations.Unser hochwertiges Stiftgalvanisier-Set wurde speziell f\u00fcr Juweliere und Goldschmiede zusammengestellt. Es eignet sich hervorragend f\u00fcr Multi-Color-Gestaltungen, Vergolden, Versilbern und Rhodinieren von Schmuckst\u00fccken sowie f\u00fcr Reparaturen und Restaurierungen. In unserem Shop bieten wir Ihnen zudem perfekt auf dieses Set abgestimmte Elektrolyte, hochwertige Entfetter und weiteres praktisches Zubeh\u00f6r, um Ihre Galvanisierarbeiten professionell und pr\u00e4zise auszuf\u00fchren.<\/p>\n","protected":false},"featured_media":16655,"template":"","meta":{"_acf_changed":false,"_uag_custom_page_level_css":""},"product_brand":[],"product_cat":[176],"product_tag":[],"class_list":{"0":"post-16874","1":"product","2":"type-product","3":"status-publish","4":"has-post-thumbnail","6":"product_cat-accessories","7":"metals-and-accessories-accessories","9":"first","10":"instock","11":"taxable","12":"shipping-taxable","13":"purchasable","14":"product-type-simple"},"acf":[],"yoast_head":"<!-- This site is optimized with the Yoast SEO Premium plugin v27.6 (Yoast SEO v27.6) - https:\/\/yoast.com\/product\/yoast-seo-premium-wordpress\/ -->\n<title>Pen plating Set<\/title>\n<meta name=\"description\" content=\"High-quality pen plating set specially for jewellers and goldsmiths. It is ideal for multi-colour designs of jewellery as well as for repairs.\" \/>\n<meta name=\"robots\" content=\"index, follow, max-snippet:-1, max-image-preview:large, max-video-preview:-1\" \/>\n<link rel=\"canonical\" href=\"https:\/\/iwgplating.com\/en\/produkt\/pen-electroplating-set\/\" \/>\n<meta property=\"og:locale\" content=\"en_US\" \/>\n<meta property=\"og:type\" content=\"article\" \/>\n<meta property=\"og:title\" content=\"Pen plating Set\" \/>\n<meta property=\"og:description\" content=\"High-quality pen plating set specially for jewellers and goldsmiths. It is ideal for multi-colour designs of jewellery as well as for repairs.\" \/>\n<meta property=\"og:url\" content=\"https:\/\/iwgplating.com\/en\/produkt\/pen-electroplating-set\/\" \/>\n<meta property=\"og:site_name\" content=\"IWG Plating\" \/>\n<meta property=\"article:publisher\" content=\"https:\/\/www.facebook.com\/profile.php?id=61580281291673\" \/>\n<meta property=\"og:image\" content=\"https:\/\/iwgplating.com\/app\/uploads\/2024\/12\/IWG-Stiftgalvanisierset.jpg\" \/>\n\t<meta property=\"og:image:width\" content=\"1772\" \/>\n\t<meta property=\"og:image:height\" content=\"1772\" \/>\n\t<meta property=\"og:image:type\" content=\"image\/jpeg\" \/>\n<meta name=\"twitter:card\" content=\"summary_large_image\" \/>\n<meta name=\"twitter:label1\" content=\"Price\" \/>\n\t<meta name=\"twitter:data1\" content=\"491,90&nbsp;&euro;\" \/>\n\t<meta name=\"twitter:label2\" content=\"Availability\" \/>\n\t<meta name=\"twitter:data2\" content=\"In stock\" \/>\n<script type=\"application\/ld+json\" class=\"yoast-schema-graph\">{\"@context\":\"https:\\\/\\\/schema.org\",\"@graph\":[{\"@type\":\"WebPage\",\"@id\":\"https:\\\/\\\/iwgplating.com\\\/en\\\/produkt\\\/pen-electroplating-set\\\/\",\"url\":\"https:\\\/\\\/iwgplating.com\\\/en\\\/produkt\\\/pen-electroplating-set\\\/\",\"name\":\"Pen plating Set\",\"isPartOf\":{\"@id\":\"https:\\\/\\\/iwgplating.com\\\/en\\\/#website\"},\"primaryImageOfPage\":{\"@id\":\"https:\\\/\\\/iwgplating.com\\\/en\\\/produkt\\\/pen-electroplating-set\\\/#primaryimage\"},\"image\":{\"@id\":\"https:\\\/\\\/iwgplating.com\\\/en\\\/produkt\\\/pen-electroplating-set\\\/#primaryimage\"},\"thumbnailUrl\":\"https:\\\/\\\/iwgplating.com\\\/app\\\/uploads\\\/2024\\\/12\\\/IWG-Stiftgalvanisierset.jpg\",\"datePublished\":\"2025-05-21T10:42:55+00:00\",\"description\":\"High-quality pen plating set specially for jewellers and goldsmiths. It is ideal for multi-colour designs of jewellery as well as for repairs.\",\"breadcrumb\":{\"@id\":\"https:\\\/\\\/iwgplating.com\\\/en\\\/produkt\\\/pen-electroplating-set\\\/#breadcrumb\"},\"inLanguage\":\"en-US\",\"potentialAction\":[{\"@type\":\"ReadAction\",\"target\":[\"https:\\\/\\\/iwgplating.com\\\/en\\\/produkt\\\/pen-electroplating-set\\\/\"]}]},{\"@type\":\"ImageObject\",\"inLanguage\":\"en-US\",\"@id\":\"https:\\\/\\\/iwgplating.com\\\/en\\\/produkt\\\/pen-electroplating-set\\\/#primaryimage\",\"url\":\"https:\\\/\\\/iwgplating.com\\\/app\\\/uploads\\\/2024\\\/12\\\/IWG-Stiftgalvanisierset.jpg\",\"contentUrl\":\"https:\\\/\\\/iwgplating.com\\\/app\\\/uploads\\\/2024\\\/12\\\/IWG-Stiftgalvanisierset.jpg\",\"width\":1772,\"height\":1772,\"caption\":\"IWG Tampongalvanisier Set, Stiftgalvanisier-Set, Pen plating set\"},{\"@type\":\"BreadcrumbList\",\"@id\":\"https:\\\/\\\/iwgplating.com\\\/en\\\/produkt\\\/pen-electroplating-set\\\/#breadcrumb\",\"itemListElement\":[{\"@type\":\"ListItem\",\"position\":1,\"name\":\"Home\",\"item\":\"https:\\\/\\\/iwgplating.com\\\/en\\\/\"},{\"@type\":\"ListItem\",\"position\":2,\"name\":\"Shop\",\"item\":\"https:\\\/\\\/iwgplating.com\\\/en\\\/shop\\\/\"},{\"@type\":\"ListItem\",\"position\":3,\"name\":\"Accessories\",\"item\":\"https:\\\/\\\/iwgplating.com\\\/en\\\/product-category\\\/accessories\\\/\"},{\"@type\":\"ListItem\",\"position\":4,\"name\":\"Pen plating Set\"}]},{\"@type\":\"WebSite\",\"@id\":\"https:\\\/\\\/iwgplating.com\\\/en\\\/#website\",\"url\":\"https:\\\/\\\/iwgplating.com\\\/en\\\/\",\"name\":\"IWG Plating\",\"description\":\"\",\"publisher\":{\"@id\":\"https:\\\/\\\/iwgplating.com\\\/en\\\/#organization\"},\"potentialAction\":[{\"@type\":\"SearchAction\",\"target\":{\"@type\":\"EntryPoint\",\"urlTemplate\":\"https:\\\/\\\/iwgplating.com\\\/en\\\/?s={search_term_string}\"},\"query-input\":{\"@type\":\"PropertyValueSpecification\",\"valueRequired\":true,\"valueName\":\"search_term_string\"}}],\"inLanguage\":\"en-US\"},{\"@type\":\"Organization\",\"@id\":\"https:\\\/\\\/iwgplating.com\\\/en\\\/#organization\",\"name\":\"IWG Ing. W. Garh\u00f6fer Ges.m.b.H.\",\"alternateName\":\"IWG\",\"url\":\"https:\\\/\\\/iwgplating.com\\\/en\\\/\",\"logo\":{\"@type\":\"ImageObject\",\"inLanguage\":\"en-US\",\"@id\":\"https:\\\/\\\/iwgplating.com\\\/en\\\/#\\\/schema\\\/logo\\\/image\\\/\",\"url\":\"https:\\\/\\\/iwgplating.com\\\/app\\\/uploads\\\/2025\\\/03\\\/IWG-Logo-2021.jpg\",\"contentUrl\":\"https:\\\/\\\/iwgplating.com\\\/app\\\/uploads\\\/2025\\\/03\\\/IWG-Logo-2021.jpg\",\"width\":1182,\"height\":1182,\"caption\":\"IWG Ing. W. Garh\u00f6fer Ges.m.b.H.\"},\"image\":{\"@id\":\"https:\\\/\\\/iwgplating.com\\\/en\\\/#\\\/schema\\\/logo\\\/image\\\/\"},\"sameAs\":[\"https:\\\/\\\/www.facebook.com\\\/profile.php?id=61580281291673\",\"https:\\\/\\\/www.linkedin.com\\\/company\\\/iwg-plating\\\/\",\"https:\\\/\\\/www.youtube.com\\\/channel\\\/UCBckf7OxfbEoTy0cVT0I22Q\"],\"email\":\"office@iwgplating.com\",\"telephone\":\"+43 228771073-0\",\"legalName\":\"IWG Ing. W. Garh\u00f6fer Ges.m.b.H.\",\"foundingDate\":\"1960-01-01\",\"numberOfEmployees\":{\"@type\":\"QuantitativeValue\",\"minValue\":\"11\",\"maxValue\":\"50\"}}]}<\/script>\n<meta property=\"product:price:amount\" content=\"491.90\" \/>\n<meta property=\"product:price:currency\" content=\"EUR\" \/>\n<meta property=\"og:availability\" content=\"instock\" \/>\n<meta property=\"product:availability\" content=\"instock\" \/>\n<meta property=\"product:retailer_item_id\" content=\"8929000\" \/>\n<meta property=\"product:condition\" content=\"new\" \/>\n<!-- \/ Yoast SEO Premium plugin. -->","yoast_head_json":{"title":"Pen plating Set","description":"High-quality pen plating set specially for jewellers and goldsmiths. It is ideal for multi-colour designs of jewellery as well as for repairs.","robots":{"index":"index","follow":"follow","max-snippet":"max-snippet:-1","max-image-preview":"max-image-preview:large","max-video-preview":"max-video-preview:-1"},"canonical":"https:\/\/iwgplating.com\/en\/produkt\/pen-electroplating-set\/","og_locale":"en_US","og_type":"article","og_title":"Pen plating Set","og_description":"High-quality pen plating set specially for jewellers and goldsmiths. It is ideal for multi-colour designs of jewellery as well as for repairs.","og_url":"https:\/\/iwgplating.com\/en\/produkt\/pen-electroplating-set\/","og_site_name":"IWG Plating","article_publisher":"https:\/\/www.facebook.com\/profile.php?id=61580281291673","og_image":[{"width":1772,"height":1772,"url":"https:\/\/iwgplating.com\/app\/uploads\/2024\/12\/IWG-Stiftgalvanisierset.jpg","type":"image\/jpeg"}],"twitter_card":"summary_large_image","twitter_misc":{"Price":"491,90&nbsp;&euro;","Availability":"In stock"},"schema":{"@context":"https:\/\/schema.org","@graph":[{"@type":"WebPage","@id":"https:\/\/iwgplating.com\/en\/produkt\/pen-electroplating-set\/","url":"https:\/\/iwgplating.com\/en\/produkt\/pen-electroplating-set\/","name":"Pen plating Set","isPartOf":{"@id":"https:\/\/iwgplating.com\/en\/#website"},"primaryImageOfPage":{"@id":"https:\/\/iwgplating.com\/en\/produkt\/pen-electroplating-set\/#primaryimage"},"image":{"@id":"https:\/\/iwgplating.com\/en\/produkt\/pen-electroplating-set\/#primaryimage"},"thumbnailUrl":"https:\/\/iwgplating.com\/app\/uploads\/2024\/12\/IWG-Stiftgalvanisierset.jpg","datePublished":"2025-05-21T10:42:55+00:00","description":"High-quality pen plating set specially for jewellers and goldsmiths. It is ideal for multi-colour designs of jewellery as well as for repairs.","breadcrumb":{"@id":"https:\/\/iwgplating.com\/en\/produkt\/pen-electroplating-set\/#breadcrumb"},"inLanguage":"en-US","potentialAction":[{"@type":"ReadAction","target":["https:\/\/iwgplating.com\/en\/produkt\/pen-electroplating-set\/"]}]},{"@type":"ImageObject","inLanguage":"en-US","@id":"https:\/\/iwgplating.com\/en\/produkt\/pen-electroplating-set\/#primaryimage","url":"https:\/\/iwgplating.com\/app\/uploads\/2024\/12\/IWG-Stiftgalvanisierset.jpg","contentUrl":"https:\/\/iwgplating.com\/app\/uploads\/2024\/12\/IWG-Stiftgalvanisierset.jpg","width":1772,"height":1772,"caption":"IWG Tampongalvanisier Set, Stiftgalvanisier-Set, Pen plating set"},{"@type":"BreadcrumbList","@id":"https:\/\/iwgplating.com\/en\/produkt\/pen-electroplating-set\/#breadcrumb","itemListElement":[{"@type":"ListItem","position":1,"name":"Home","item":"https:\/\/iwgplating.com\/en\/"},{"@type":"ListItem","position":2,"name":"Shop","item":"https:\/\/iwgplating.com\/en\/shop\/"},{"@type":"ListItem","position":3,"name":"Accessories","item":"https:\/\/iwgplating.com\/en\/product-category\/accessories\/"},{"@type":"ListItem","position":4,"name":"Pen plating Set"}]},{"@type":"WebSite","@id":"https:\/\/iwgplating.com\/en\/#website","url":"https:\/\/iwgplating.com\/en\/","name":"IWG Plating","description":"","publisher":{"@id":"https:\/\/iwgplating.com\/en\/#organization"},"potentialAction":[{"@type":"SearchAction","target":{"@type":"EntryPoint","urlTemplate":"https:\/\/iwgplating.com\/en\/?s={search_term_string}"},"query-input":{"@type":"PropertyValueSpecification","valueRequired":true,"valueName":"search_term_string"}}],"inLanguage":"en-US"},{"@type":"Organization","@id":"https:\/\/iwgplating.com\/en\/#organization","name":"IWG Ing. W. Garh\u00f6fer Ges.m.b.H.","alternateName":"IWG","url":"https:\/\/iwgplating.com\/en\/","logo":{"@type":"ImageObject","inLanguage":"en-US","@id":"https:\/\/iwgplating.com\/en\/#\/schema\/logo\/image\/","url":"https:\/\/iwgplating.com\/app\/uploads\/2025\/03\/IWG-Logo-2021.jpg","contentUrl":"https:\/\/iwgplating.com\/app\/uploads\/2025\/03\/IWG-Logo-2021.jpg","width":1182,"height":1182,"caption":"IWG Ing. W. Garh\u00f6fer Ges.m.b.H."},"image":{"@id":"https:\/\/iwgplating.com\/en\/#\/schema\/logo\/image\/"},"sameAs":["https:\/\/www.facebook.com\/profile.php?id=61580281291673","https:\/\/www.linkedin.com\/company\/iwg-plating\/","https:\/\/www.youtube.com\/channel\/UCBckf7OxfbEoTy0cVT0I22Q"],"email":"office@iwgplating.com","telephone":"+43 228771073-0","legalName":"IWG Ing. W. Garh\u00f6fer Ges.m.b.H.","foundingDate":"1960-01-01","numberOfEmployees":{"@type":"QuantitativeValue","minValue":"11","maxValue":"50"}}]},"product_price_amount":"491.90","product_price_currency":"EUR","og_availability":"instock","product_availability":"instock","product_retailer_item_id":"8929000","product_condition":"new"},"uagb_featured_image_src":{"full":["https:\/\/iwgplating.com\/app\/uploads\/2024\/12\/IWG-Stiftgalvanisierset.jpg",1772,1772,false],"thumbnail":["https:\/\/iwgplating.com\/app\/uploads\/2024\/12\/IWG-Stiftgalvanisierset-150x150.jpg",150,150,true],"medium":["https:\/\/iwgplating.com\/app\/uploads\/2024\/12\/IWG-Stiftgalvanisierset-300x300.jpg",300,300,true],"medium_large":["https:\/\/iwgplating.com\/app\/uploads\/2024\/12\/IWG-Stiftgalvanisierset-768x768.jpg",768,768,true],"large":["https:\/\/iwgplating.com\/app\/uploads\/2024\/12\/IWG-Stiftgalvanisierset-1024x1024.jpg",1024,1024,true],"1536x1536":["https:\/\/iwgplating.com\/app\/uploads\/2024\/12\/IWG-Stiftgalvanisierset-1536x1536.jpg",1536,1536,true],"2048x2048":["https:\/\/iwgplating.com\/app\/uploads\/2024\/12\/IWG-Stiftgalvanisierset.jpg",1772,1772,false],"product-single-page-picture-size":["https:\/\/iwgplating.com\/app\/uploads\/2024\/12\/IWG-Stiftgalvanisierset-1024x1024.jpg",1024,1024,true],"gform-image-choice-sm":["https:\/\/iwgplating.com\/app\/uploads\/2024\/12\/IWG-Stiftgalvanisierset.jpg",300,300,false],"gform-image-choice-md":["https:\/\/iwgplating.com\/app\/uploads\/2024\/12\/IWG-Stiftgalvanisierset.jpg",400,400,false],"gform-image-choice-lg":["https:\/\/iwgplating.com\/app\/uploads\/2024\/12\/IWG-Stiftgalvanisierset.jpg",600,600,false],"woocommerce_thumbnail":["https:\/\/iwgplating.com\/app\/uploads\/2024\/12\/IWG-Stiftgalvanisierset-300x300.jpg",300,300,true],"woocommerce_single":["https:\/\/iwgplating.com\/app\/uploads\/2024\/12\/IWG-Stiftgalvanisierset-600x600.jpg",600,600,true],"woocommerce_gallery_thumbnail":["https:\/\/iwgplating.com\/app\/uploads\/2024\/12\/IWG-Stiftgalvanisierset-100x100.jpg",100,100,true]},"uagb_author_info":{"display_name":"Julia Dollinger","author_link":"https:\/\/iwgplating.com\/en\/author\/"},"uagb_comment_info":0,"uagb_excerpt":"Our high-quality pen electroplating set has been specially compiled for jewellers and goldsmiths. It is ideal for multi-colour designs, gold plating, silver plating and rhodium plating of jewellery as well as for repairs and restorations.Unser hochwertiges Stiftgalvanisier-Set wurde speziell f\u00fcr Juweliere und Goldschmiede zusammengestellt. Es eignet sich hervorragend f\u00fcr Multi-Color-Gestaltungen, Vergolden, Versilbern und Rhodinieren von&hellip;","_links":{"self":[{"href":"https:\/\/iwgplating.com\/en\/wp-json\/wp\/v2\/product\/16874","targetHints":{"allow":["GET"]}}],"collection":[{"href":"https:\/\/iwgplating.com\/en\/wp-json\/wp\/v2\/product"}],"about":[{"href":"https:\/\/iwgplating.com\/en\/wp-json\/wp\/v2\/types\/product"}],"wp:featuredmedia":[{"embeddable":true,"href":"https:\/\/iwgplating.com\/en\/wp-json\/wp\/v2\/media\/16655"}],"wp:attachment":[{"href":"https:\/\/iwgplating.com\/en\/wp-json\/wp\/v2\/media?parent=16874"}],"wp:term":[{"taxonomy":"product_brand","embeddable":true,"href":"https:\/\/iwgplating.com\/en\/wp-json\/wp\/v2\/product_brand?post=16874"},{"taxonomy":"product_cat","embeddable":true,"href":"https:\/\/iwgplating.com\/en\/wp-json\/wp\/v2\/product_cat?post=16874"},{"taxonomy":"product_tag","embeddable":true,"href":"https:\/\/iwgplating.com\/en\/wp-json\/wp\/v2\/product_tag?post=16874"}],"curies":[{"name":"wp","href":"https:\/\/api.w.org\/{rel}","templated":true}]}}