{"id":19416,"date":"2026-03-31T13:01:16","date_gmt":"2026-03-31T11:01:16","guid":{"rendered":"https:\/\/iwgplating.com\/?post_type=product&#038;p=19416"},"modified":"2026-04-01T12:21:32","modified_gmt":"2026-04-01T10:21:32","slug":"laboratory-stand","status":"publish","type":"product","link":"https:\/\/iwgplating.com\/en\/produkt\/laboratory-stand\/","title":{"rendered":"Laboratory Stand"},"content":{"rendered":"<p>This laboratory stand is an ideal base for a wide range of applications in laboratories and electroplating. It impresses with its stable construction and reliable stability, even for demanding experimental set-ups.<\/p>\n<p>The metal stand rod with a diameter of 8 mm and a length of 500 mm provides sufficient height and flexibility for attaching a wide range of clamps, holders and accessories. The solid base plate, weighing 1.8 kg, ensures a secure footing and minimises the risk of tipping over.<\/p>\n<p>Thanks to the compact base size of 140 \u00d7 225 mm, the stand can be positioned in a space-saving way on the workbench while remaining extremely stable.<\/p>\n<p><strong>Technical data:<\/strong><\/p>\n<ul>\n<li>Stand type: standard stand<\/li>\n<li>Stand rod: \u00d8 8 mm, length 500 mm, weight 0.200 kg<\/li>\n<li>Base plate: 140 \u00d7 225 mm, weight 1.8 kg<\/li>\n<\/ul>\n<p><strong>Your benefits:<\/strong><\/p>\n<ul>\n<li>Hohe Standfestigkeit durch schwere Grundplatte<\/li>\n<li>Vielseitig einsetzbar im Labor und in der Galvanik<\/li>\n<li>Robuste und langlebige Ausf\u00fchrung<\/li>\n<\/ul>\n<p>Platzsparendes Design<\/p>\n","protected":false},"excerpt":{"rendered":"<p>This laboratory stand is an ideal base for a wide range of applications in laboratories and electroplating. It impresses with its stable construction and reliable stability, even for demanding experimental set-ups.<\/p>\n","protected":false},"featured_media":19418,"template":"","meta":{"_uag_custom_page_level_css":""},"product_brand":[],"product_cat":[176],"product_tag":[100],"class_list":{"0":"post-19416","1":"product","2":"type-product","3":"status-publish","4":"has-post-thumbnail","6":"product_cat-accessories","7":"product_tag-new-en","8":"metals-and-accessories-accessories","10":"first","11":"instock","12":"taxable","13":"shipping-taxable","14":"purchasable","15":"product-type-simple"},"acf":[],"yoast_head":"<!-- This site is optimized with the Yoast SEO Premium plugin v26.6 (Yoast SEO v26.6) - https:\/\/yoast.com\/wordpress\/plugins\/seo\/ -->\n<title>Laboratory Stand<\/title>\n<meta name=\"description\" content=\"Ihr perfekter Begleiter im Labor: der Laborst\u00e4nder bietet eine stabile Basis und genug Flexibilit\u00e4t zur Befestigung von Zubeh\u00f6r. Jetzt bestellen!Your perfect partner in the lab: this lab stand provides a stable base and enough flexibility to attach accessories. Order now!\" \/>\n<meta name=\"robots\" content=\"index, follow, max-snippet:-1, max-image-preview:large, max-video-preview:-1\" \/>\n<link rel=\"canonical\" href=\"https:\/\/iwgplating.com\/en\/produkt\/laboratory-stand\/\" \/>\n<meta property=\"og:locale\" content=\"en_US\" \/>\n<meta property=\"og:type\" content=\"article\" \/>\n<meta property=\"og:title\" content=\"Laboratory Stand\" \/>\n<meta property=\"og:description\" content=\"Ihr perfekter Begleiter im Labor: der Laborst\u00e4nder bietet eine stabile Basis und genug Flexibilit\u00e4t zur Befestigung von Zubeh\u00f6r. Jetzt bestellen!Your perfect partner in the lab: this lab stand provides a stable base and enough flexibility to attach accessories. Order now!\" \/>\n<meta property=\"og:url\" content=\"https:\/\/iwgplating.com\/en\/produkt\/laboratory-stand\/\" \/>\n<meta property=\"og:site_name\" content=\"IWG Plating\" \/>\n<meta property=\"article:publisher\" content=\"https:\/\/www.facebook.com\/profile.php?id=61580281291673\" \/>\n<meta property=\"article:modified_time\" content=\"2026-04-01T10:21:32+00:00\" \/>\n<meta property=\"og:image\" content=\"https:\/\/iwgplating.com\/app\/uploads\/2026\/03\/Laborstativ-scaled.jpg\" \/>\n\t<meta property=\"og:image:width\" content=\"2560\" \/>\n\t<meta property=\"og:image:height\" content=\"2560\" \/>\n\t<meta property=\"og:image:type\" content=\"image\/jpeg\" \/>\n<meta name=\"twitter:card\" content=\"summary_large_image\" \/>\n<meta name=\"twitter:label1\" content=\"Price\" \/>\n\t<meta name=\"twitter:data1\" content=\"239,70&nbsp;&euro;\" \/>\n\t<meta name=\"twitter:label2\" content=\"Availability\" \/>\n\t<meta name=\"twitter:data2\" content=\"In stock\" \/>\n<script type=\"application\/ld+json\" class=\"yoast-schema-graph\">{\"@context\":\"https:\/\/schema.org\",\"@graph\":[{\"@type\":\"WebPage\",\"@id\":\"https:\/\/iwgplating.com\/en\/produkt\/laboratory-stand\/\",\"url\":\"https:\/\/iwgplating.com\/en\/produkt\/laboratory-stand\/\",\"name\":\"Laboratory Stand\",\"isPartOf\":{\"@id\":\"https:\/\/iwgplating.com\/en\/#website\"},\"primaryImageOfPage\":{\"@id\":\"https:\/\/iwgplating.com\/en\/produkt\/laboratory-stand\/#primaryimage\"},\"image\":{\"@id\":\"https:\/\/iwgplating.com\/en\/produkt\/laboratory-stand\/#primaryimage\"},\"thumbnailUrl\":\"https:\/\/iwgplating.com\/app\/uploads\/2026\/03\/Laborstativ-scaled.jpg\",\"datePublished\":\"2026-03-31T11:01:16+00:00\",\"dateModified\":\"2026-04-01T10:21:32+00:00\",\"description\":\"Ihr perfekter Begleiter im Labor: der Laborst\u00e4nder bietet eine stabile Basis und genug Flexibilit\u00e4t zur Befestigung von Zubeh\u00f6r. Jetzt bestellen!Your perfect partner in the lab: this lab stand provides a stable base and enough flexibility to attach accessories. Order now!\",\"breadcrumb\":{\"@id\":\"https:\/\/iwgplating.com\/en\/produkt\/laboratory-stand\/#breadcrumb\"},\"inLanguage\":\"en-US\",\"potentialAction\":[{\"@type\":\"ReadAction\",\"target\":[\"https:\/\/iwgplating.com\/en\/produkt\/laboratory-stand\/\"]}]},{\"@type\":\"ImageObject\",\"inLanguage\":\"en-US\",\"@id\":\"https:\/\/iwgplating.com\/en\/produkt\/laboratory-stand\/#primaryimage\",\"url\":\"https:\/\/iwgplating.com\/app\/uploads\/2026\/03\/Laborstativ-scaled.jpg\",\"contentUrl\":\"https:\/\/iwgplating.com\/app\/uploads\/2026\/03\/Laborstativ-scaled.jpg\",\"width\":2560,\"height\":2560},{\"@type\":\"BreadcrumbList\",\"@id\":\"https:\/\/iwgplating.com\/en\/produkt\/laboratory-stand\/#breadcrumb\",\"itemListElement\":[{\"@type\":\"ListItem\",\"position\":1,\"name\":\"Home\",\"item\":\"https:\/\/iwgplating.com\/en\/\"},{\"@type\":\"ListItem\",\"position\":2,\"name\":\"Shop\",\"item\":\"https:\/\/iwgplating.com\/en\/shop\/\"},{\"@type\":\"ListItem\",\"position\":3,\"name\":\"Accessories\",\"item\":\"https:\/\/iwgplating.com\/en\/product-category\/accessories\/\"},{\"@type\":\"ListItem\",\"position\":4,\"name\":\"Laboratory Stand\"}]},{\"@type\":\"WebSite\",\"@id\":\"https:\/\/iwgplating.com\/en\/#website\",\"url\":\"https:\/\/iwgplating.com\/en\/\",\"name\":\"IWG Plating\",\"description\":\"\",\"publisher\":{\"@id\":\"https:\/\/iwgplating.com\/en\/#organization\"},\"potentialAction\":[{\"@type\":\"SearchAction\",\"target\":{\"@type\":\"EntryPoint\",\"urlTemplate\":\"https:\/\/iwgplating.com\/en\/?s={search_term_string}\"},\"query-input\":{\"@type\":\"PropertyValueSpecification\",\"valueRequired\":true,\"valueName\":\"search_term_string\"}}],\"inLanguage\":\"en-US\"},{\"@type\":\"Organization\",\"@id\":\"https:\/\/iwgplating.com\/en\/#organization\",\"name\":\"IWG Ing. W. Garh\u00f6fer Ges.m.b.H.\",\"alternateName\":\"IWG\",\"url\":\"https:\/\/iwgplating.com\/en\/\",\"logo\":{\"@type\":\"ImageObject\",\"inLanguage\":\"en-US\",\"@id\":\"https:\/\/iwgplating.com\/en\/#\/schema\/logo\/image\/\",\"url\":\"https:\/\/iwgplating.com\/app\/uploads\/2025\/03\/IWG-Logo-2021.jpg\",\"contentUrl\":\"https:\/\/iwgplating.com\/app\/uploads\/2025\/03\/IWG-Logo-2021.jpg\",\"width\":1182,\"height\":1182,\"caption\":\"IWG Ing. W. Garh\u00f6fer Ges.m.b.H.\"},\"image\":{\"@id\":\"https:\/\/iwgplating.com\/en\/#\/schema\/logo\/image\/\"},\"sameAs\":[\"https:\/\/www.facebook.com\/profile.php?id=61580281291673\",\"https:\/\/www.linkedin.com\/company\/iwg-plating\/\",\"https:\/\/www.youtube.com\/channel\/UCBckf7OxfbEoTy0cVT0I22Q\"],\"email\":\"office@iwgplating.com\",\"telephone\":\"+43 228771073-0\",\"legalName\":\"IWG Ing. W. Garh\u00f6fer Ges.m.b.H.\",\"foundingDate\":\"1960-01-01\",\"numberOfEmployees\":{\"@type\":\"QuantitativeValue\",\"minValue\":\"11\",\"maxValue\":\"50\"}}]}<\/script>\n<meta property=\"product:price:amount\" content=\"239.70\" \/>\n<meta property=\"product:price:currency\" content=\"EUR\" \/>\n<meta property=\"og:availability\" content=\"instock\" \/>\n<meta property=\"product:availability\" content=\"instock\" \/>\n<meta property=\"product:retailer_item_id\" content=\"8518000\" \/>\n<meta property=\"product:condition\" content=\"new\" \/>\n<!-- \/ Yoast SEO Premium plugin. -->","yoast_head_json":{"title":"Laboratory Stand","description":"Ihr perfekter Begleiter im Labor: der Laborst\u00e4nder bietet eine stabile Basis und genug Flexibilit\u00e4t zur Befestigung von Zubeh\u00f6r. Jetzt bestellen!Your perfect partner in the lab: this lab stand provides a stable base and enough flexibility to attach accessories. Order now!","robots":{"index":"index","follow":"follow","max-snippet":"max-snippet:-1","max-image-preview":"max-image-preview:large","max-video-preview":"max-video-preview:-1"},"canonical":"https:\/\/iwgplating.com\/en\/produkt\/laboratory-stand\/","og_locale":"en_US","og_type":"article","og_title":"Laboratory Stand","og_description":"Ihr perfekter Begleiter im Labor: der Laborst\u00e4nder bietet eine stabile Basis und genug Flexibilit\u00e4t zur Befestigung von Zubeh\u00f6r. Jetzt bestellen!Your perfect partner in the lab: this lab stand provides a stable base and enough flexibility to attach accessories. Order now!","og_url":"https:\/\/iwgplating.com\/en\/produkt\/laboratory-stand\/","og_site_name":"IWG Plating","article_publisher":"https:\/\/www.facebook.com\/profile.php?id=61580281291673","article_modified_time":"2026-04-01T10:21:32+00:00","og_image":[{"width":2560,"height":2560,"url":"https:\/\/iwgplating.com\/app\/uploads\/2026\/03\/Laborstativ-scaled.jpg","type":"image\/jpeg"}],"twitter_card":"summary_large_image","twitter_misc":{"Price":"239,70&nbsp;&euro;","Availability":"In stock"},"schema":{"@context":"https:\/\/schema.org","@graph":[{"@type":"WebPage","@id":"https:\/\/iwgplating.com\/en\/produkt\/laboratory-stand\/","url":"https:\/\/iwgplating.com\/en\/produkt\/laboratory-stand\/","name":"Laboratory Stand","isPartOf":{"@id":"https:\/\/iwgplating.com\/en\/#website"},"primaryImageOfPage":{"@id":"https:\/\/iwgplating.com\/en\/produkt\/laboratory-stand\/#primaryimage"},"image":{"@id":"https:\/\/iwgplating.com\/en\/produkt\/laboratory-stand\/#primaryimage"},"thumbnailUrl":"https:\/\/iwgplating.com\/app\/uploads\/2026\/03\/Laborstativ-scaled.jpg","datePublished":"2026-03-31T11:01:16+00:00","dateModified":"2026-04-01T10:21:32+00:00","description":"Ihr perfekter Begleiter im Labor: der Laborst\u00e4nder bietet eine stabile Basis und genug Flexibilit\u00e4t zur Befestigung von Zubeh\u00f6r. Jetzt bestellen!Your perfect partner in the lab: this lab stand provides a stable base and enough flexibility to attach accessories. Order now!","breadcrumb":{"@id":"https:\/\/iwgplating.com\/en\/produkt\/laboratory-stand\/#breadcrumb"},"inLanguage":"en-US","potentialAction":[{"@type":"ReadAction","target":["https:\/\/iwgplating.com\/en\/produkt\/laboratory-stand\/"]}]},{"@type":"ImageObject","inLanguage":"en-US","@id":"https:\/\/iwgplating.com\/en\/produkt\/laboratory-stand\/#primaryimage","url":"https:\/\/iwgplating.com\/app\/uploads\/2026\/03\/Laborstativ-scaled.jpg","contentUrl":"https:\/\/iwgplating.com\/app\/uploads\/2026\/03\/Laborstativ-scaled.jpg","width":2560,"height":2560},{"@type":"BreadcrumbList","@id":"https:\/\/iwgplating.com\/en\/produkt\/laboratory-stand\/#breadcrumb","itemListElement":[{"@type":"ListItem","position":1,"name":"Home","item":"https:\/\/iwgplating.com\/en\/"},{"@type":"ListItem","position":2,"name":"Shop","item":"https:\/\/iwgplating.com\/en\/shop\/"},{"@type":"ListItem","position":3,"name":"Accessories","item":"https:\/\/iwgplating.com\/en\/product-category\/accessories\/"},{"@type":"ListItem","position":4,"name":"Laboratory Stand"}]},{"@type":"WebSite","@id":"https:\/\/iwgplating.com\/en\/#website","url":"https:\/\/iwgplating.com\/en\/","name":"IWG Plating","description":"","publisher":{"@id":"https:\/\/iwgplating.com\/en\/#organization"},"potentialAction":[{"@type":"SearchAction","target":{"@type":"EntryPoint","urlTemplate":"https:\/\/iwgplating.com\/en\/?s={search_term_string}"},"query-input":{"@type":"PropertyValueSpecification","valueRequired":true,"valueName":"search_term_string"}}],"inLanguage":"en-US"},{"@type":"Organization","@id":"https:\/\/iwgplating.com\/en\/#organization","name":"IWG Ing. W. Garh\u00f6fer Ges.m.b.H.","alternateName":"IWG","url":"https:\/\/iwgplating.com\/en\/","logo":{"@type":"ImageObject","inLanguage":"en-US","@id":"https:\/\/iwgplating.com\/en\/#\/schema\/logo\/image\/","url":"https:\/\/iwgplating.com\/app\/uploads\/2025\/03\/IWG-Logo-2021.jpg","contentUrl":"https:\/\/iwgplating.com\/app\/uploads\/2025\/03\/IWG-Logo-2021.jpg","width":1182,"height":1182,"caption":"IWG Ing. W. Garh\u00f6fer Ges.m.b.H."},"image":{"@id":"https:\/\/iwgplating.com\/en\/#\/schema\/logo\/image\/"},"sameAs":["https:\/\/www.facebook.com\/profile.php?id=61580281291673","https:\/\/www.linkedin.com\/company\/iwg-plating\/","https:\/\/www.youtube.com\/channel\/UCBckf7OxfbEoTy0cVT0I22Q"],"email":"office@iwgplating.com","telephone":"+43 228771073-0","legalName":"IWG Ing. W. Garh\u00f6fer Ges.m.b.H.","foundingDate":"1960-01-01","numberOfEmployees":{"@type":"QuantitativeValue","minValue":"11","maxValue":"50"}}]},"product_price_amount":"239.70","product_price_currency":"EUR","og_availability":"instock","product_availability":"instock","product_retailer_item_id":"8518000","product_condition":"new"},"uagb_featured_image_src":{"full":["https:\/\/iwgplating.com\/app\/uploads\/2026\/03\/Laborstativ-scaled.jpg",2560,2560,false],"thumbnail":["https:\/\/iwgplating.com\/app\/uploads\/2026\/03\/Laborstativ-150x150.jpg",150,150,true],"medium":["https:\/\/iwgplating.com\/app\/uploads\/2026\/03\/Laborstativ-300x300.jpg",300,300,true],"medium_large":["https:\/\/iwgplating.com\/app\/uploads\/2026\/03\/Laborstativ-768x768.jpg",768,768,true],"large":["https:\/\/iwgplating.com\/app\/uploads\/2026\/03\/Laborstativ-1024x1024.jpg",1024,1024,true],"1536x1536":["https:\/\/iwgplating.com\/app\/uploads\/2026\/03\/Laborstativ-1536x1536.jpg",1536,1536,true],"2048x2048":["https:\/\/iwgplating.com\/app\/uploads\/2026\/03\/Laborstativ-2048x2048.jpg",2048,2048,true],"product-single-page-picture-size":["https:\/\/iwgplating.com\/app\/uploads\/2026\/03\/Laborstativ-1024x1024.jpg",1024,1024,true],"gform-image-choice-sm":["https:\/\/iwgplating.com\/app\/uploads\/2026\/03\/Laborstativ-scaled.jpg",300,300,false],"gform-image-choice-md":["https:\/\/iwgplating.com\/app\/uploads\/2026\/03\/Laborstativ-scaled.jpg",400,400,false],"gform-image-choice-lg":["https:\/\/iwgplating.com\/app\/uploads\/2026\/03\/Laborstativ-scaled.jpg",600,600,false],"woocommerce_thumbnail":["https:\/\/iwgplating.com\/app\/uploads\/2026\/03\/Laborstativ-300x300.jpg",300,300,true],"woocommerce_single":["https:\/\/iwgplating.com\/app\/uploads\/2026\/03\/Laborstativ-600x600.jpg",600,600,true],"woocommerce_gallery_thumbnail":["https:\/\/iwgplating.com\/app\/uploads\/2026\/03\/Laborstativ-100x100.jpg",100,100,true]},"uagb_author_info":{"display_name":"Julia Dollinger","author_link":"https:\/\/iwgplating.com\/en\/author\/"},"uagb_comment_info":0,"uagb_excerpt":"This laboratory stand is an ideal base for a wide range of applications in laboratories and electroplating. It impresses with its stable construction and reliable stability, even for demanding experimental set-ups.","_links":{"self":[{"href":"https:\/\/iwgplating.com\/en\/wp-json\/wp\/v2\/product\/19416","targetHints":{"allow":["GET"]}}],"collection":[{"href":"https:\/\/iwgplating.com\/en\/wp-json\/wp\/v2\/product"}],"about":[{"href":"https:\/\/iwgplating.com\/en\/wp-json\/wp\/v2\/types\/product"}],"wp:featuredmedia":[{"embeddable":true,"href":"https:\/\/iwgplating.com\/en\/wp-json\/wp\/v2\/media\/19418"}],"wp:attachment":[{"href":"https:\/\/iwgplating.com\/en\/wp-json\/wp\/v2\/media?parent=19416"}],"wp:term":[{"taxonomy":"product_brand","embeddable":true,"href":"https:\/\/iwgplating.com\/en\/wp-json\/wp\/v2\/product_brand?post=19416"},{"taxonomy":"product_cat","embeddable":true,"href":"https:\/\/iwgplating.com\/en\/wp-json\/wp\/v2\/product_cat?post=19416"},{"taxonomy":"product_tag","embeddable":true,"href":"https:\/\/iwgplating.com\/en\/wp-json\/wp\/v2\/product_tag?post=19416"}],"curies":[{"name":"wp","href":"https:\/\/api.w.org\/{rel}","templated":true}]}}