{"id":19420,"date":"2026-03-31T13:13:06","date_gmt":"2026-03-31T11:13:06","guid":{"rendered":"https:\/\/iwgplating.com\/?post_type=product&#038;p=19420"},"modified":"2026-04-01T12:20:21","modified_gmt":"2026-04-01T10:20:21","slug":"electroplating-test-set-air","status":"publish","type":"product","link":"https:\/\/iwgplating.com\/en\/produkt\/electroplating-test-set-air\/","title":{"rendered":"Electroplating Test-Set Air"},"content":{"rendered":"<p><strong>Small-scale electroplating test set with laboratory power supply, air pump and Hull cell with air agitation<\/strong><\/p>\n<p><strong>Professional electroplating and test set<\/strong><\/p>\n<p>This test set is ideal for applications in laboratories, research and development. It enables precise electroplating tests and impresses with its comprehensive equipment.<\/p>\n<p>The set includes a powerful <strong>rectifier (laboratory power supply) with continuously adjustable output voltage from 0 to 30 volts and current from 0 to 2.5 amps<\/strong>. An air pump and the Hull cell with air agitation provide the necessary movement of the electrolyte to achieve uniform results.<\/p>\n<p><u>Note: anodes are not included in the set and can be purchased separately in our shop.<\/u><\/p>\n<p><strong>Electroplating Test Set Air consists of:<\/strong><\/p>\n<ul>\n<li>Rectifier \/ laboratory power supply \u2013 Basic<\/li>\n<li>Black cable 1.5 m incl. clip<\/li>\n<li>Red cable 1.5 m as an extension<\/li>\n<li>Hull cell with air agitation<\/li>\n<li>Air pump for electrolyte agitation<\/li>\n<\/ul>\n<p><strong>Note: image for illustrative purposes only. Anodes and Hull cell panels are available separately.<\/strong><\/p>\n","protected":false},"excerpt":{"rendered":"<p>This test set is ideal for applications in laboratories, research and development. It enables precise electroplating tests and impresses with its comprehensive equipment.<\/p>\n","protected":false},"featured_media":19426,"template":"","meta":{"_uag_custom_page_level_css":""},"product_brand":[],"product_cat":[176],"product_tag":[100],"class_list":{"0":"post-19420","1":"product","2":"type-product","3":"status-publish","4":"has-post-thumbnail","6":"product_cat-accessories","7":"product_tag-new-en","9":"first","10":"instock","11":"taxable","12":"shipping-taxable","13":"purchasable","14":"product-type-simple"},"acf":[],"yoast_head":"<!-- This site is optimized with the Yoast SEO Premium plugin v26.6 (Yoast SEO v26.6) - https:\/\/yoast.com\/wordpress\/plugins\/seo\/ -->\n<title>Electroplating Test-Set Air<\/title>\n<meta name=\"description\" content=\"Das Galvanik Test-Set \u201eAir\u201c bietet alles, was Sie f\u00fcr pr\u00e4zise Tests ben\u00f6tigen. Professionelle Ausstattung f\u00fcr Ihre Laborexperimente! \u26a1The \u201cAir\u201d electroplating test kit has everything you need for precise testing. Professional equipment for your laboratory experiments! \u26a1\ufe0f\" \/>\n<meta name=\"robots\" content=\"index, follow, max-snippet:-1, max-image-preview:large, max-video-preview:-1\" \/>\n<link rel=\"canonical\" href=\"https:\/\/iwgplating.com\/en\/produkt\/electroplating-test-set-air\/\" \/>\n<meta property=\"og:locale\" content=\"en_US\" \/>\n<meta property=\"og:type\" content=\"article\" \/>\n<meta property=\"og:title\" content=\"Electroplating Test-Set Air\" \/>\n<meta property=\"og:description\" content=\"Das Galvanik Test-Set \u201eAir\u201c bietet alles, was Sie f\u00fcr pr\u00e4zise Tests ben\u00f6tigen. Professionelle Ausstattung f\u00fcr Ihre Laborexperimente! \u26a1The \u201cAir\u201d electroplating test kit has everything you need for precise testing. Professional equipment for your laboratory experiments! \u26a1\ufe0f\" \/>\n<meta property=\"og:url\" content=\"https:\/\/iwgplating.com\/en\/produkt\/electroplating-test-set-air\/\" \/>\n<meta property=\"og:site_name\" content=\"IWG Plating\" \/>\n<meta property=\"article:publisher\" content=\"https:\/\/www.facebook.com\/profile.php?id=61580281291673\" \/>\n<meta property=\"article:modified_time\" content=\"2026-04-01T10:20:21+00:00\" \/>\n<meta property=\"og:image\" content=\"https:\/\/iwgplating.com\/app\/uploads\/2026\/03\/Galvanik-Testset-Air-scaled.jpg\" \/>\n\t<meta property=\"og:image:width\" content=\"2560\" \/>\n\t<meta property=\"og:image:height\" content=\"2560\" \/>\n\t<meta property=\"og:image:type\" content=\"image\/jpeg\" \/>\n<meta name=\"twitter:card\" content=\"summary_large_image\" \/>\n<meta name=\"twitter:label1\" content=\"Price\" \/>\n\t<meta name=\"twitter:data1\" content=\"423,70&nbsp;&euro;\" \/>\n\t<meta name=\"twitter:label2\" content=\"Availability\" \/>\n\t<meta name=\"twitter:data2\" content=\"In stock\" \/>\n<script type=\"application\/ld+json\" class=\"yoast-schema-graph\">{\"@context\":\"https:\/\/schema.org\",\"@graph\":[{\"@type\":\"WebPage\",\"@id\":\"https:\/\/iwgplating.com\/en\/produkt\/electroplating-test-set-air\/\",\"url\":\"https:\/\/iwgplating.com\/en\/produkt\/electroplating-test-set-air\/\",\"name\":\"Electroplating Test-Set Air\",\"isPartOf\":{\"@id\":\"https:\/\/iwgplating.com\/en\/#website\"},\"primaryImageOfPage\":{\"@id\":\"https:\/\/iwgplating.com\/en\/produkt\/electroplating-test-set-air\/#primaryimage\"},\"image\":{\"@id\":\"https:\/\/iwgplating.com\/en\/produkt\/electroplating-test-set-air\/#primaryimage\"},\"thumbnailUrl\":\"https:\/\/iwgplating.com\/app\/uploads\/2026\/03\/Galvanik-Testset-Air-scaled.jpg\",\"datePublished\":\"2026-03-31T11:13:06+00:00\",\"dateModified\":\"2026-04-01T10:20:21+00:00\",\"description\":\"Das Galvanik Test-Set \u201eAir\u201c bietet alles, was Sie f\u00fcr pr\u00e4zise Tests ben\u00f6tigen. Professionelle Ausstattung f\u00fcr Ihre Laborexperimente! \u26a1The \u201cAir\u201d electroplating test kit has everything you need for precise testing. Professional equipment for your laboratory experiments! \u26a1\ufe0f\",\"breadcrumb\":{\"@id\":\"https:\/\/iwgplating.com\/en\/produkt\/electroplating-test-set-air\/#breadcrumb\"},\"inLanguage\":\"en-US\",\"potentialAction\":[{\"@type\":\"ReadAction\",\"target\":[\"https:\/\/iwgplating.com\/en\/produkt\/electroplating-test-set-air\/\"]}]},{\"@type\":\"ImageObject\",\"inLanguage\":\"en-US\",\"@id\":\"https:\/\/iwgplating.com\/en\/produkt\/electroplating-test-set-air\/#primaryimage\",\"url\":\"https:\/\/iwgplating.com\/app\/uploads\/2026\/03\/Galvanik-Testset-Air-scaled.jpg\",\"contentUrl\":\"https:\/\/iwgplating.com\/app\/uploads\/2026\/03\/Galvanik-Testset-Air-scaled.jpg\",\"width\":2560,\"height\":2560},{\"@type\":\"BreadcrumbList\",\"@id\":\"https:\/\/iwgplating.com\/en\/produkt\/electroplating-test-set-air\/#breadcrumb\",\"itemListElement\":[{\"@type\":\"ListItem\",\"position\":1,\"name\":\"Home\",\"item\":\"https:\/\/iwgplating.com\/en\/\"},{\"@type\":\"ListItem\",\"position\":2,\"name\":\"Shop\",\"item\":\"https:\/\/iwgplating.com\/en\/shop\/\"},{\"@type\":\"ListItem\",\"position\":3,\"name\":\"Accessories\",\"item\":\"https:\/\/iwgplating.com\/en\/product-category\/accessories\/\"},{\"@type\":\"ListItem\",\"position\":4,\"name\":\"Electroplating Test-Set Air\"}]},{\"@type\":\"WebSite\",\"@id\":\"https:\/\/iwgplating.com\/en\/#website\",\"url\":\"https:\/\/iwgplating.com\/en\/\",\"name\":\"IWG Plating\",\"description\":\"\",\"publisher\":{\"@id\":\"https:\/\/iwgplating.com\/en\/#organization\"},\"potentialAction\":[{\"@type\":\"SearchAction\",\"target\":{\"@type\":\"EntryPoint\",\"urlTemplate\":\"https:\/\/iwgplating.com\/en\/?s={search_term_string}\"},\"query-input\":{\"@type\":\"PropertyValueSpecification\",\"valueRequired\":true,\"valueName\":\"search_term_string\"}}],\"inLanguage\":\"en-US\"},{\"@type\":\"Organization\",\"@id\":\"https:\/\/iwgplating.com\/en\/#organization\",\"name\":\"IWG Ing. W. Garh\u00f6fer Ges.m.b.H.\",\"alternateName\":\"IWG\",\"url\":\"https:\/\/iwgplating.com\/en\/\",\"logo\":{\"@type\":\"ImageObject\",\"inLanguage\":\"en-US\",\"@id\":\"https:\/\/iwgplating.com\/en\/#\/schema\/logo\/image\/\",\"url\":\"https:\/\/iwgplating.com\/app\/uploads\/2025\/03\/IWG-Logo-2021.jpg\",\"contentUrl\":\"https:\/\/iwgplating.com\/app\/uploads\/2025\/03\/IWG-Logo-2021.jpg\",\"width\":1182,\"height\":1182,\"caption\":\"IWG Ing. W. Garh\u00f6fer Ges.m.b.H.\"},\"image\":{\"@id\":\"https:\/\/iwgplating.com\/en\/#\/schema\/logo\/image\/\"},\"sameAs\":[\"https:\/\/www.facebook.com\/profile.php?id=61580281291673\",\"https:\/\/www.linkedin.com\/company\/iwg-plating\/\",\"https:\/\/www.youtube.com\/channel\/UCBckf7OxfbEoTy0cVT0I22Q\"],\"email\":\"office@iwgplating.com\",\"telephone\":\"+43 228771073-0\",\"legalName\":\"IWG Ing. W. Garh\u00f6fer Ges.m.b.H.\",\"foundingDate\":\"1960-01-01\",\"numberOfEmployees\":{\"@type\":\"QuantitativeValue\",\"minValue\":\"11\",\"maxValue\":\"50\"}}]}<\/script>\n<meta property=\"product:price:amount\" content=\"423.70\" \/>\n<meta property=\"product:price:currency\" content=\"EUR\" \/>\n<meta property=\"og:availability\" content=\"instock\" \/>\n<meta property=\"product:availability\" content=\"instock\" \/>\n<meta property=\"product:retailer_item_id\" content=\"8510007\" \/>\n<meta property=\"product:condition\" content=\"new\" \/>\n<!-- \/ Yoast SEO Premium plugin. -->","yoast_head_json":{"title":"Electroplating Test-Set Air","description":"Das Galvanik Test-Set \u201eAir\u201c bietet alles, was Sie f\u00fcr pr\u00e4zise Tests ben\u00f6tigen. Professionelle Ausstattung f\u00fcr Ihre Laborexperimente! \u26a1The \u201cAir\u201d electroplating test kit has everything you need for precise testing. Professional equipment for your laboratory experiments! \u26a1\ufe0f","robots":{"index":"index","follow":"follow","max-snippet":"max-snippet:-1","max-image-preview":"max-image-preview:large","max-video-preview":"max-video-preview:-1"},"canonical":"https:\/\/iwgplating.com\/en\/produkt\/electroplating-test-set-air\/","og_locale":"en_US","og_type":"article","og_title":"Electroplating Test-Set Air","og_description":"Das Galvanik Test-Set \u201eAir\u201c bietet alles, was Sie f\u00fcr pr\u00e4zise Tests ben\u00f6tigen. Professionelle Ausstattung f\u00fcr Ihre Laborexperimente! \u26a1The \u201cAir\u201d electroplating test kit has everything you need for precise testing. Professional equipment for your laboratory experiments! \u26a1\ufe0f","og_url":"https:\/\/iwgplating.com\/en\/produkt\/electroplating-test-set-air\/","og_site_name":"IWG Plating","article_publisher":"https:\/\/www.facebook.com\/profile.php?id=61580281291673","article_modified_time":"2026-04-01T10:20:21+00:00","og_image":[{"width":2560,"height":2560,"url":"https:\/\/iwgplating.com\/app\/uploads\/2026\/03\/Galvanik-Testset-Air-scaled.jpg","type":"image\/jpeg"}],"twitter_card":"summary_large_image","twitter_misc":{"Price":"423,70&nbsp;&euro;","Availability":"In stock"},"schema":{"@context":"https:\/\/schema.org","@graph":[{"@type":"WebPage","@id":"https:\/\/iwgplating.com\/en\/produkt\/electroplating-test-set-air\/","url":"https:\/\/iwgplating.com\/en\/produkt\/electroplating-test-set-air\/","name":"Electroplating Test-Set Air","isPartOf":{"@id":"https:\/\/iwgplating.com\/en\/#website"},"primaryImageOfPage":{"@id":"https:\/\/iwgplating.com\/en\/produkt\/electroplating-test-set-air\/#primaryimage"},"image":{"@id":"https:\/\/iwgplating.com\/en\/produkt\/electroplating-test-set-air\/#primaryimage"},"thumbnailUrl":"https:\/\/iwgplating.com\/app\/uploads\/2026\/03\/Galvanik-Testset-Air-scaled.jpg","datePublished":"2026-03-31T11:13:06+00:00","dateModified":"2026-04-01T10:20:21+00:00","description":"Das Galvanik Test-Set \u201eAir\u201c bietet alles, was Sie f\u00fcr pr\u00e4zise Tests ben\u00f6tigen. Professionelle Ausstattung f\u00fcr Ihre Laborexperimente! \u26a1The \u201cAir\u201d electroplating test kit has everything you need for precise testing. Professional equipment for your laboratory experiments! \u26a1\ufe0f","breadcrumb":{"@id":"https:\/\/iwgplating.com\/en\/produkt\/electroplating-test-set-air\/#breadcrumb"},"inLanguage":"en-US","potentialAction":[{"@type":"ReadAction","target":["https:\/\/iwgplating.com\/en\/produkt\/electroplating-test-set-air\/"]}]},{"@type":"ImageObject","inLanguage":"en-US","@id":"https:\/\/iwgplating.com\/en\/produkt\/electroplating-test-set-air\/#primaryimage","url":"https:\/\/iwgplating.com\/app\/uploads\/2026\/03\/Galvanik-Testset-Air-scaled.jpg","contentUrl":"https:\/\/iwgplating.com\/app\/uploads\/2026\/03\/Galvanik-Testset-Air-scaled.jpg","width":2560,"height":2560},{"@type":"BreadcrumbList","@id":"https:\/\/iwgplating.com\/en\/produkt\/electroplating-test-set-air\/#breadcrumb","itemListElement":[{"@type":"ListItem","position":1,"name":"Home","item":"https:\/\/iwgplating.com\/en\/"},{"@type":"ListItem","position":2,"name":"Shop","item":"https:\/\/iwgplating.com\/en\/shop\/"},{"@type":"ListItem","position":3,"name":"Accessories","item":"https:\/\/iwgplating.com\/en\/product-category\/accessories\/"},{"@type":"ListItem","position":4,"name":"Electroplating Test-Set Air"}]},{"@type":"WebSite","@id":"https:\/\/iwgplating.com\/en\/#website","url":"https:\/\/iwgplating.com\/en\/","name":"IWG Plating","description":"","publisher":{"@id":"https:\/\/iwgplating.com\/en\/#organization"},"potentialAction":[{"@type":"SearchAction","target":{"@type":"EntryPoint","urlTemplate":"https:\/\/iwgplating.com\/en\/?s={search_term_string}"},"query-input":{"@type":"PropertyValueSpecification","valueRequired":true,"valueName":"search_term_string"}}],"inLanguage":"en-US"},{"@type":"Organization","@id":"https:\/\/iwgplating.com\/en\/#organization","name":"IWG Ing. W. Garh\u00f6fer Ges.m.b.H.","alternateName":"IWG","url":"https:\/\/iwgplating.com\/en\/","logo":{"@type":"ImageObject","inLanguage":"en-US","@id":"https:\/\/iwgplating.com\/en\/#\/schema\/logo\/image\/","url":"https:\/\/iwgplating.com\/app\/uploads\/2025\/03\/IWG-Logo-2021.jpg","contentUrl":"https:\/\/iwgplating.com\/app\/uploads\/2025\/03\/IWG-Logo-2021.jpg","width":1182,"height":1182,"caption":"IWG Ing. W. Garh\u00f6fer Ges.m.b.H."},"image":{"@id":"https:\/\/iwgplating.com\/en\/#\/schema\/logo\/image\/"},"sameAs":["https:\/\/www.facebook.com\/profile.php?id=61580281291673","https:\/\/www.linkedin.com\/company\/iwg-plating\/","https:\/\/www.youtube.com\/channel\/UCBckf7OxfbEoTy0cVT0I22Q"],"email":"office@iwgplating.com","telephone":"+43 228771073-0","legalName":"IWG Ing. W. Garh\u00f6fer Ges.m.b.H.","foundingDate":"1960-01-01","numberOfEmployees":{"@type":"QuantitativeValue","minValue":"11","maxValue":"50"}}]},"product_price_amount":"423.70","product_price_currency":"EUR","og_availability":"instock","product_availability":"instock","product_retailer_item_id":"8510007","product_condition":"new"},"uagb_featured_image_src":{"full":["https:\/\/iwgplating.com\/app\/uploads\/2026\/03\/Galvanik-Testset-Air-scaled.jpg",2560,2560,false],"thumbnail":["https:\/\/iwgplating.com\/app\/uploads\/2026\/03\/Galvanik-Testset-Air-150x150.jpg",150,150,true],"medium":["https:\/\/iwgplating.com\/app\/uploads\/2026\/03\/Galvanik-Testset-Air-300x300.jpg",300,300,true],"medium_large":["https:\/\/iwgplating.com\/app\/uploads\/2026\/03\/Galvanik-Testset-Air-768x768.jpg",768,768,true],"large":["https:\/\/iwgplating.com\/app\/uploads\/2026\/03\/Galvanik-Testset-Air-1024x1024.jpg",1024,1024,true],"1536x1536":["https:\/\/iwgplating.com\/app\/uploads\/2026\/03\/Galvanik-Testset-Air-1536x1536.jpg",1536,1536,true],"2048x2048":["https:\/\/iwgplating.com\/app\/uploads\/2026\/03\/Galvanik-Testset-Air-2048x2048.jpg",2048,2048,true],"product-single-page-picture-size":["https:\/\/iwgplating.com\/app\/uploads\/2026\/03\/Galvanik-Testset-Air-1024x1024.jpg",1024,1024,true],"gform-image-choice-sm":["https:\/\/iwgplating.com\/app\/uploads\/2026\/03\/Galvanik-Testset-Air-scaled.jpg",300,300,false],"gform-image-choice-md":["https:\/\/iwgplating.com\/app\/uploads\/2026\/03\/Galvanik-Testset-Air-scaled.jpg",400,400,false],"gform-image-choice-lg":["https:\/\/iwgplating.com\/app\/uploads\/2026\/03\/Galvanik-Testset-Air-scaled.jpg",600,600,false],"woocommerce_thumbnail":["https:\/\/iwgplating.com\/app\/uploads\/2026\/03\/Galvanik-Testset-Air-300x300.jpg",300,300,true],"woocommerce_single":["https:\/\/iwgplating.com\/app\/uploads\/2026\/03\/Galvanik-Testset-Air-600x600.jpg",600,600,true],"woocommerce_gallery_thumbnail":["https:\/\/iwgplating.com\/app\/uploads\/2026\/03\/Galvanik-Testset-Air-100x100.jpg",100,100,true]},"uagb_author_info":{"display_name":"Julia Dollinger","author_link":"https:\/\/iwgplating.com\/en\/author\/"},"uagb_comment_info":0,"uagb_excerpt":"This test set is ideal for applications in laboratories, research and development. It enables precise electroplating tests and impresses with its comprehensive equipment.","_links":{"self":[{"href":"https:\/\/iwgplating.com\/en\/wp-json\/wp\/v2\/product\/19420","targetHints":{"allow":["GET"]}}],"collection":[{"href":"https:\/\/iwgplating.com\/en\/wp-json\/wp\/v2\/product"}],"about":[{"href":"https:\/\/iwgplating.com\/en\/wp-json\/wp\/v2\/types\/product"}],"wp:featuredmedia":[{"embeddable":true,"href":"https:\/\/iwgplating.com\/en\/wp-json\/wp\/v2\/media\/19426"}],"wp:attachment":[{"href":"https:\/\/iwgplating.com\/en\/wp-json\/wp\/v2\/media?parent=19420"}],"wp:term":[{"taxonomy":"product_brand","embeddable":true,"href":"https:\/\/iwgplating.com\/en\/wp-json\/wp\/v2\/product_brand?post=19420"},{"taxonomy":"product_cat","embeddable":true,"href":"https:\/\/iwgplating.com\/en\/wp-json\/wp\/v2\/product_cat?post=19420"},{"taxonomy":"product_tag","embeddable":true,"href":"https:\/\/iwgplating.com\/en\/wp-json\/wp\/v2\/product_tag?post=19420"}],"curies":[{"name":"wp","href":"https:\/\/api.w.org\/{rel}","templated":true}]}}